{"id":2,"date":"2019-01-23T17:59:20","date_gmt":"2019-01-23T16:59:20","guid":{"rendered":"http:\/\/lavaldains.fr\/?page_id=2"},"modified":"2025-07-14T15:28:38","modified_gmt":"2025-07-14T13:28:38","slug":"page-d-exemple","status":"publish","type":"page","link":"https:\/\/lavaldains.fr\/index.php\/page-d-exemple\/","title":{"rendered":"Pr\u00e9sentation de l&rsquo;association"},"content":{"rendered":"\n<h2 class=\"wp-block-heading has-text-align-center\">Assembl\u00e9e g\u00e9n\u00e9rale 2025<\/h2>\n\n\n\n<h3 id=\"wp-block-themeisle-blocks-advanced-heading-04a38926\" class=\"wp-block-themeisle-blocks-advanced-heading wp-block-themeisle-blocks-advanced-heading-04a38926\">Nouveau bureau pour la saison 2025 &#8211; 2026<\/h3>\n\n\n\n<ul class=\"wp-block-list\">\n<li>Sylvie Fournier, nouvelle pr\u00e9sidente<\/li>\n\n\n\n<li>Andr\u00e9 Piallat, nouveau vice pr\u00e9sident<\/li>\n\n\n\n<li>Francis Busarello, tr\u00e9sorier (inchang\u00e9)<\/li>\n\n\n\n<li>Fran\u00e7oise Deswarte, secr\u00e9taire (inchang\u00e9)<\/li>\n\n\n\n<li>D\u00e9missions d&rsquo;Annie Leveillet du poste de pr\u00e9sidente, Pierre Chamiot-Clerc du poste de vice-tr\u00e9sorier et de M\u00e9lanie Beaulaigue vice pr\u00e9sidente<\/li>\n<\/ul>\n\n\n\n<p class=\"has-text-align-center\"><strong>L&rsquo;ancien et le  nouveau bureau accompagn\u00e9s des professeurs de danse.<\/strong><\/p>\n\n\n<div class=\"wp-block-image is-style-default\">\n<figure data-wp-context=\"{&quot;imageId&quot;:&quot;69dea9dbcadda&quot;}\" data-wp-interactive=\"core\/image\" data-wp-key=\"69dea9dbcadda\" class=\"aligncenter size-large wp-lightbox-container\"><img loading=\"lazy\" decoding=\"async\" width=\"1024\" height=\"773\" data-wp-class--hide=\"state.isContentHidden\" data-wp-class--show=\"state.isContentVisible\" data-wp-init=\"callbacks.setButtonStyles\" data-wp-on--click=\"actions.showLightbox\" data-wp-on--load=\"callbacks.setButtonStyles\" data-wp-on-window--resize=\"callbacks.setButtonStyles\" src=\"https:\/\/lavaldains.fr\/wp-content\/uploads\/2025\/07\/20250624_194625-1024x773.jpg\" alt=\"L'ancien et le nouveau bureau accompagn\u00e9s des professeurs de danse\" class=\"wp-image-1248\" srcset=\"https:\/\/lavaldains.fr\/wp-content\/uploads\/2025\/07\/20250624_194625-1024x773.jpg 1024w, https:\/\/lavaldains.fr\/wp-content\/uploads\/2025\/07\/20250624_194625-300x226.jpg 300w, https:\/\/lavaldains.fr\/wp-content\/uploads\/2025\/07\/20250624_194625-768x580.jpg 768w, https:\/\/lavaldains.fr\/wp-content\/uploads\/2025\/07\/20250624_194625-1536x1159.jpg 1536w, https:\/\/lavaldains.fr\/wp-content\/uploads\/2025\/07\/20250624_194625.jpg 1692w\" sizes=\"auto, (max-width: 1024px) 100vw, 1024px\" \/><button\n\t\t\tclass=\"lightbox-trigger\"\n\t\t\ttype=\"button\"\n\t\t\taria-haspopup=\"dialog\"\n\t\t\taria-label=\"Agrandir\"\n\t\t\tdata-wp-init=\"callbacks.initTriggerButton\"\n\t\t\tdata-wp-on--click=\"actions.showLightbox\"\n\t\t\tdata-wp-style--right=\"state.imageButtonRight\"\n\t\t\tdata-wp-style--top=\"state.imageButtonTop\"\n\t\t>\n\t\t\t<svg xmlns=\"http:\/\/www.w3.org\/2000\/svg\" width=\"12\" height=\"12\" fill=\"none\" viewBox=\"0 0 12 12\">\n\t\t\t\t<path fill=\"#fff\" d=\"M2 0a2 2 0 0 0-2 2v2h1.5V2a.5.5 0 0 1 .5-.5h2V0H2Zm2 10.5H2a.5.5 0 0 1-.5-.5V8H0v2a2 2 0 0 0 2 2h2v-1.5ZM8 12v-1.5h2a.5.5 0 0 0 .5-.5V8H12v2a2 2 0 0 1-2 2H8Zm2-12a2 2 0 0 1 2 2v2h-1.5V2a.5.5 0 0 0-.5-.5H8V0h2Z\" \/>\n\t\t\t<\/svg>\n\t\t<\/button><figcaption class=\"wp-element-caption\">De g. \u00e0 d. : Fran\u00e7oise, Pierre, Myl\u00e8ne, Philippe, Francis, Annie, Sylvie et Andr\u00e9<\/figcaption><\/figure>\n<\/div>\n\n\n<h2 class=\"wp-block-heading has-text-align-center\">Assembl\u00e9e g\u00e9n\u00e9rale 2024<\/h2>\n\n\n\n<h3 id=\"wp-block-themeisle-blocks-advanced-heading-4044f208\" class=\"wp-block-themeisle-blocks-advanced-heading wp-block-themeisle-blocks-advanced-heading-4044f208\">Du changement dans le bureau pour la saison 2024-2025<\/h3>\n\n\n\n<ul class=\"wp-block-list\">\n<li>Annie, pr\u00e9sidente (inchang\u00e9)<\/li>\n\n\n\n<li>M\u00e9lanie, vice-pr\u00e9sidente (nouveau), absente sur la photo.<\/li>\n\n\n\n<li>Francis, tr\u00e9sorier (inchang\u00e9)<\/li>\n\n\n\n<li>Pierre, vice-tr\u00e9sorier remplace Dani\u00e8le Jelen, d\u00e9missionnaire<\/li>\n\n\n\n<li>Fran\u00e7oise, secr\u00e9taire (inchang\u00e9)<\/li>\n<\/ul>\n\n\n\n<p class=\"has-text-align-center\">Ci-dessous, le nouveau bureau accompagn\u00e9 des repr\u00e9sentants de la mairie.<\/p>\n\n\n<div class=\"wp-block-image is-style-default\">\n<figure data-wp-context=\"{&quot;imageId&quot;:&quot;69dea9dbcb4fc&quot;}\" data-wp-interactive=\"core\/image\" data-wp-key=\"69dea9dbcb4fc\" class=\"aligncenter size-large wp-lightbox-container\"><img loading=\"lazy\" decoding=\"async\" width=\"1024\" height=\"681\" data-wp-class--hide=\"state.isContentHidden\" data-wp-class--show=\"state.isContentVisible\" data-wp-init=\"callbacks.setButtonStyles\" data-wp-on--click=\"actions.showLightbox\" data-wp-on--load=\"callbacks.setButtonStyles\" data-wp-on-window--resize=\"callbacks.setButtonStyles\" src=\"https:\/\/lavaldains.fr\/wp-content\/uploads\/2024\/06\/DSC_0013-1024x681.jpg\" alt=\"\" class=\"wp-image-1150\" srcset=\"https:\/\/lavaldains.fr\/wp-content\/uploads\/2024\/06\/DSC_0013-1024x681.jpg 1024w, https:\/\/lavaldains.fr\/wp-content\/uploads\/2024\/06\/DSC_0013-300x199.jpg 300w, https:\/\/lavaldains.fr\/wp-content\/uploads\/2024\/06\/DSC_0013-768x511.jpg 768w, https:\/\/lavaldains.fr\/wp-content\/uploads\/2024\/06\/DSC_0013-1536x1021.jpg 1536w, https:\/\/lavaldains.fr\/wp-content\/uploads\/2024\/06\/DSC_0013-2048x1362.jpg 2048w\" sizes=\"auto, (max-width: 1024px) 100vw, 1024px\" \/><button\n\t\t\tclass=\"lightbox-trigger\"\n\t\t\ttype=\"button\"\n\t\t\taria-haspopup=\"dialog\"\n\t\t\taria-label=\"Agrandir\"\n\t\t\tdata-wp-init=\"callbacks.initTriggerButton\"\n\t\t\tdata-wp-on--click=\"actions.showLightbox\"\n\t\t\tdata-wp-style--right=\"state.imageButtonRight\"\n\t\t\tdata-wp-style--top=\"state.imageButtonTop\"\n\t\t>\n\t\t\t<svg xmlns=\"http:\/\/www.w3.org\/2000\/svg\" width=\"12\" height=\"12\" fill=\"none\" viewBox=\"0 0 12 12\">\n\t\t\t\t<path fill=\"#fff\" d=\"M2 0a2 2 0 0 0-2 2v2h1.5V2a.5.5 0 0 1 .5-.5h2V0H2Zm2 10.5H2a.5.5 0 0 1-.5-.5V8H0v2a2 2 0 0 0 2 2h2v-1.5ZM8 12v-1.5h2a.5.5 0 0 0 .5-.5V8H12v2a2 2 0 0 1-2 2H8Zm2-12a2 2 0 0 1 2 2v2h-1.5V2a.5.5 0 0 0-.5-.5H8V0h2Z\" \/>\n\t\t\t<\/svg>\n\t\t<\/button><figcaption class=\"wp-element-caption\">De g. \u00e0 d. : Fran\u00e7oise, Francis, Eric Bouvier, Isabelle Cointault, Pierre, Annie<\/figcaption><\/figure>\n<\/div>\n\n\n<p><\/p>\n\n\n\n<h2 class=\"wp-block-heading has-text-align-center\">Assembl\u00e9e g\u00e9n\u00e9rale 2023<\/h2>\n\n\n\n<p class=\"has-text-align-center\">Tous les membres du bureau sont reconduits pour la saison prochaine.<\/p>\n\n\n\n<p class=\"has-text-align-center\">Ci-dessous, le bureau accompagn\u00e9 de Myl\u00e8ne et Philippe<\/p>\n\n\n<div class=\"wp-block-image is-style-default\">\n<figure data-wp-context=\"{&quot;imageId&quot;:&quot;69dea9dbcbaba&quot;}\" data-wp-interactive=\"core\/image\" data-wp-key=\"69dea9dbcbaba\" class=\"aligncenter size-large wp-lightbox-container\"><img loading=\"lazy\" decoding=\"async\" width=\"1024\" height=\"439\" data-wp-class--hide=\"state.isContentHidden\" data-wp-class--show=\"state.isContentVisible\" data-wp-init=\"callbacks.setButtonStyles\" data-wp-on--click=\"actions.showLightbox\" data-wp-on--load=\"callbacks.setButtonStyles\" data-wp-on-window--resize=\"callbacks.setButtonStyles\" src=\"https:\/\/lavaldains.fr\/wp-content\/uploads\/2023\/08\/20230627_185950-ok-1024x439.jpg\" alt=\"\" class=\"wp-image-1020\" srcset=\"https:\/\/lavaldains.fr\/wp-content\/uploads\/2023\/08\/20230627_185950-ok-1024x439.jpg 1024w, https:\/\/lavaldains.fr\/wp-content\/uploads\/2023\/08\/20230627_185950-ok-300x128.jpg 300w, https:\/\/lavaldains.fr\/wp-content\/uploads\/2023\/08\/20230627_185950-ok-768x329.jpg 768w, https:\/\/lavaldains.fr\/wp-content\/uploads\/2023\/08\/20230627_185950-ok-1536x658.jpg 1536w, https:\/\/lavaldains.fr\/wp-content\/uploads\/2023\/08\/20230627_185950-ok-2048x877.jpg 2048w\" sizes=\"auto, (max-width: 1024px) 100vw, 1024px\" \/><button\n\t\t\tclass=\"lightbox-trigger\"\n\t\t\ttype=\"button\"\n\t\t\taria-haspopup=\"dialog\"\n\t\t\taria-label=\"Agrandir\"\n\t\t\tdata-wp-init=\"callbacks.initTriggerButton\"\n\t\t\tdata-wp-on--click=\"actions.showLightbox\"\n\t\t\tdata-wp-style--right=\"state.imageButtonRight\"\n\t\t\tdata-wp-style--top=\"state.imageButtonTop\"\n\t\t>\n\t\t\t<svg xmlns=\"http:\/\/www.w3.org\/2000\/svg\" width=\"12\" height=\"12\" fill=\"none\" viewBox=\"0 0 12 12\">\n\t\t\t\t<path fill=\"#fff\" d=\"M2 0a2 2 0 0 0-2 2v2h1.5V2a.5.5 0 0 1 .5-.5h2V0H2Zm2 10.5H2a.5.5 0 0 1-.5-.5V8H0v2a2 2 0 0 0 2 2h2v-1.5ZM8 12v-1.5h2a.5.5 0 0 0 .5-.5V8H12v2a2 2 0 0 1-2 2H8Zm2-12a2 2 0 0 1 2 2v2h-1.5V2a.5.5 0 0 0-.5-.5H8V0h2Z\" \/>\n\t\t\t<\/svg>\n\t\t<\/button><figcaption class=\"wp-element-caption\">De g. \u00e0 d. : Fran\u00e7oise, Francis, Annie, Philippe, Danielle et Myl\u00e8ne<\/figcaption><\/figure>\n<\/div>\n\n\n<p class=\"has-text-align-center\"><\/p>\n\n\n\n<h2 class=\"wp-block-heading has-text-align-center\">Nos profs adultes et enfants<\/h2>\n\n\n<div class=\"wp-block-image\">\n<figure data-wp-context=\"{&quot;imageId&quot;:&quot;69dea9dbcbfb7&quot;}\" data-wp-interactive=\"core\/image\" data-wp-key=\"69dea9dbcbfb7\" class=\"aligncenter size-large wp-lightbox-container\"><img loading=\"lazy\" decoding=\"async\" width=\"1024\" height=\"681\" data-wp-class--hide=\"state.isContentHidden\" data-wp-class--show=\"state.isContentVisible\" data-wp-init=\"callbacks.setButtonStyles\" data-wp-on--click=\"actions.showLightbox\" data-wp-on--load=\"callbacks.setButtonStyles\" data-wp-on-window--resize=\"callbacks.setButtonStyles\" src=\"https:\/\/lavaldains.fr\/wp-content\/uploads\/2024\/06\/DSC_0014-1024x681.jpg\" alt=\"\" class=\"wp-image-1130\" srcset=\"https:\/\/lavaldains.fr\/wp-content\/uploads\/2024\/06\/DSC_0014-1024x681.jpg 1024w, https:\/\/lavaldains.fr\/wp-content\/uploads\/2024\/06\/DSC_0014-300x199.jpg 300w, https:\/\/lavaldains.fr\/wp-content\/uploads\/2024\/06\/DSC_0014-768x511.jpg 768w, https:\/\/lavaldains.fr\/wp-content\/uploads\/2024\/06\/DSC_0014-1536x1021.jpg 1536w, https:\/\/lavaldains.fr\/wp-content\/uploads\/2024\/06\/DSC_0014-2048x1362.jpg 2048w\" sizes=\"auto, (max-width: 1024px) 100vw, 1024px\" \/><button\n\t\t\tclass=\"lightbox-trigger\"\n\t\t\ttype=\"button\"\n\t\t\taria-haspopup=\"dialog\"\n\t\t\taria-label=\"Agrandir\"\n\t\t\tdata-wp-init=\"callbacks.initTriggerButton\"\n\t\t\tdata-wp-on--click=\"actions.showLightbox\"\n\t\t\tdata-wp-style--right=\"state.imageButtonRight\"\n\t\t\tdata-wp-style--top=\"state.imageButtonTop\"\n\t\t>\n\t\t\t<svg xmlns=\"http:\/\/www.w3.org\/2000\/svg\" width=\"12\" height=\"12\" fill=\"none\" viewBox=\"0 0 12 12\">\n\t\t\t\t<path fill=\"#fff\" d=\"M2 0a2 2 0 0 0-2 2v2h1.5V2a.5.5 0 0 1 .5-.5h2V0H2Zm2 10.5H2a.5.5 0 0 1-.5-.5V8H0v2a2 2 0 0 0 2 2h2v-1.5ZM8 12v-1.5h2a.5.5 0 0 0 .5-.5V8H12v2a2 2 0 0 1-2 2H8Zm2-12a2 2 0 0 1 2 2v2h-1.5V2a.5.5 0 0 0-.5-.5H8V0h2Z\" \/>\n\t\t\t<\/svg>\n\t\t<\/button><figcaption class=\"wp-element-caption\"><strong>De g. \u00e0 d. : Philippe et Myl\u00e8ne pour les adultes, Anne-Sophie animatrice des enfants<\/strong><\/figcaption><\/figure>\n<\/div>","protected":false},"excerpt":{"rendered":"<p>Assembl\u00e9e g\u00e9n\u00e9rale 2025 L&rsquo;ancien et le nouveau bureau accompagn\u00e9s des professeurs de danse. Assembl\u00e9e g\u00e9n\u00e9rale 2024 Ci-dessous, le nouveau bureau accompagn\u00e9 des repr\u00e9sentants de la mairie. Assembl\u00e9e g\u00e9n\u00e9rale 2023 Tous les membres du bureau sont reconduits pour la saison prochaine. Ci-dessous, le bureau accompagn\u00e9 de Myl\u00e8ne et Philippe Nos profs adultes et enfants<\/p>\n","protected":false},"author":1,"featured_media":0,"parent":0,"menu_order":0,"comment_status":"closed","ping_status":"open","template":"","meta":{"_themeisle_gutenberg_block_has_review":false,"footnotes":""},"class_list":["post-2","page","type-page","status-publish","hentry"],"aioseo_notices":[],"_links":{"self":[{"href":"https:\/\/lavaldains.fr\/index.php\/wp-json\/wp\/v2\/pages\/2","targetHints":{"allow":["GET"]}}],"collection":[{"href":"https:\/\/lavaldains.fr\/index.php\/wp-json\/wp\/v2\/pages"}],"about":[{"href":"https:\/\/lavaldains.fr\/index.php\/wp-json\/wp\/v2\/types\/page"}],"author":[{"embeddable":true,"href":"https:\/\/lavaldains.fr\/index.php\/wp-json\/wp\/v2\/users\/1"}],"replies":[{"embeddable":true,"href":"https:\/\/lavaldains.fr\/index.php\/wp-json\/wp\/v2\/comments?post=2"}],"version-history":[{"count":60,"href":"https:\/\/lavaldains.fr\/index.php\/wp-json\/wp\/v2\/pages\/2\/revisions"}],"predecessor-version":[{"id":1267,"href":"https:\/\/lavaldains.fr\/index.php\/wp-json\/wp\/v2\/pages\/2\/revisions\/1267"}],"wp:attachment":[{"href":"https:\/\/lavaldains.fr\/index.php\/wp-json\/wp\/v2\/media?parent=2"}],"curies":[{"name":"wp","href":"https:\/\/api.w.org\/{rel}","templated":true}]}}