{"id":39,"date":"2019-01-24T17:29:25","date_gmt":"2019-01-24T16:29:25","guid":{"rendered":"http:\/\/lavaldains.fr\/?page_id=39"},"modified":"2025-07-14T15:29:25","modified_gmt":"2025-07-14T13:29:25","slug":"accueil","status":"publish","type":"page","link":"https:\/\/lavaldains.fr\/","title":{"rendered":"Accueil"},"content":{"rendered":"\n<h2 class=\"wp-block-heading has-text-align-center\">Bienvenue \u00e0 la Valdain&rsquo;s danse<\/h2>\n\n\n\n<p><\/p>\n\n\n\n<p>    <\/p>\n\n\n<div class=\"wp-block-image is-resized is-style-default\">\n<figure class=\"aligncenter size-large\"><img loading=\"lazy\" decoding=\"async\" width=\"1024\" height=\"768\" src=\"https:\/\/lavaldains.fr\/wp-content\/uploads\/2020\/02\/received_2521135854783324-1024x768.jpeg\" alt=\"une d\u00e9mo de bachata men\u00e9e par Myl\u00e8ne et Philippe\" class=\"wp-image-704\" srcset=\"https:\/\/lavaldains.fr\/wp-content\/uploads\/2020\/02\/received_2521135854783324-1024x768.jpeg 1024w, https:\/\/lavaldains.fr\/wp-content\/uploads\/2020\/02\/received_2521135854783324-300x225.jpeg 300w, https:\/\/lavaldains.fr\/wp-content\/uploads\/2020\/02\/received_2521135854783324-768x576.jpeg 768w\" sizes=\"auto, (max-width: 1024px) 100vw, 1024px\" \/><figcaption class=\"wp-element-caption\">une d\u00e9mo de bachata men\u00e9e par Myl\u00e8ne et Philippe<\/figcaption><\/figure>\n<\/div>\n\n\n<p class=\"has-text-align-center has-black-color has-text-color has-medium-font-size\"> La Valdain&rsquo;s danse a \u00e9t\u00e9 cr\u00e9\u00e9e en 1997, association loi 1901 dont le si\u00e8ge social est \u00e0 La B\u00e9gude de Mazenc (Dr\u00f4me)   <\/p>\n\n\n\n<p class=\"has-text-align-center has-black-color has-text-color has-link-color has-medium-font-size wp-elements-52eaf1b8bd7cbdd7779d33a708571567\">Notre association propose des cours de danse pour adultes.<\/p>\n\n\n\n<p><\/p>\n\n\n\n<p><\/p>\n\n\n\n<p><\/p>\n","protected":false},"excerpt":{"rendered":"<p>Bienvenue \u00e0 la Valdain&rsquo;s danse La Valdain&rsquo;s danse a \u00e9t\u00e9 cr\u00e9\u00e9e en 1997, association loi 1901 dont le si\u00e8ge social est \u00e0 La B\u00e9gude de Mazenc (Dr\u00f4me) Notre association propose des cours de danse pour adultes.<\/p>\n","protected":false},"author":1,"featured_media":0,"parent":0,"menu_order":1,"comment_status":"closed","ping_status":"closed","template":"template\/template-about.php","meta":{"_themeisle_gutenberg_block_has_review":false,"footnotes":""},"class_list":["post-39","page","type-page","status-publish","hentry"],"aioseo_notices":[],"_links":{"self":[{"href":"https:\/\/lavaldains.fr\/index.php\/wp-json\/wp\/v2\/pages\/39","targetHints":{"allow":["GET"]}}],"collection":[{"href":"https:\/\/lavaldains.fr\/index.php\/wp-json\/wp\/v2\/pages"}],"about":[{"href":"https:\/\/lavaldains.fr\/index.php\/wp-json\/wp\/v2\/types\/page"}],"author":[{"embeddable":true,"href":"https:\/\/lavaldains.fr\/index.php\/wp-json\/wp\/v2\/users\/1"}],"replies":[{"embeddable":true,"href":"https:\/\/lavaldains.fr\/index.php\/wp-json\/wp\/v2\/comments?post=39"}],"version-history":[{"count":56,"href":"https:\/\/lavaldains.fr\/index.php\/wp-json\/wp\/v2\/pages\/39\/revisions"}],"predecessor-version":[{"id":1268,"href":"https:\/\/lavaldains.fr\/index.php\/wp-json\/wp\/v2\/pages\/39\/revisions\/1268"}],"wp:attachment":[{"href":"https:\/\/lavaldains.fr\/index.php\/wp-json\/wp\/v2\/media?parent=39"}],"curies":[{"name":"wp","href":"https:\/\/api.w.org\/{rel}","templated":true}]}}