{"id":63,"date":"2019-01-25T16:25:29","date_gmt":"2019-01-25T15:25:29","guid":{"rendered":"http:\/\/lavaldains.fr\/?page_id=63"},"modified":"2025-09-01T15:49:35","modified_gmt":"2025-09-01T13:49:35","slug":"tarifs","status":"publish","type":"page","link":"https:\/\/lavaldains.fr\/index.php\/tarifs\/","title":{"rendered":"Les cours : tarifs et horaires saison 2025 &#8211; 2026"},"content":{"rendered":"\n<div class=\"wp-block-group\"><div class=\"wp-block-group__inner-container is-layout-constrained wp-block-group-is-layout-constrained\">\n<div class=\"wp-block-group\"><div class=\"wp-block-group__inner-container is-layout-constrained wp-block-group-is-layout-constrained\">\n<div class=\"wp-block-group is-vertical is-layout-flex wp-container-core-group-is-layout-8cf370e7 wp-block-group-is-layout-flex\">\n<div class=\"wp-block-group\"><div class=\"wp-block-group__inner-container is-layout-constrained wp-block-group-is-layout-constrained\">\n<p class=\"has-text-color has-large-font-size\" style=\"color:#f01e21\"><strong>Les tarifs<\/strong><\/p>\n\n\n\n<p>Tarifs inchang\u00e9s par rapport \u00e0 l&rsquo;ann\u00e9e pr\u00e9c\u00e9dente, les frais d&rsquo;inscription sont pass\u00e9s \u00e0 15 \u20ac.<\/p>\n\n\n\n<ul class=\"wp-block-list\">\n<li>Frais d&rsquo;inscription : 15 \u20ac<\/li>\n\n\n\n<li>Adh\u00e9sion annuelle : 180 \u20ac <\/li>\n\n\n\n<li>Pour celles et ceux qui souhaitent s&rsquo;inscrire \u00e0 plusieurs cours : 110 \u20ac par cours suppl\u00e9mentaire<\/li>\n<\/ul>\n\n\n\n<p><\/p>\n\n\n\n<p class=\"has-text-color has-large-font-size\" style=\"color:#f01e21\"><strong>Les horaires<\/strong><\/p>\n\n\n\n<p>Tous les <strong><em>mardis<\/em><\/strong> sauf vacances scolaires, (<strong>B\u00e9gude de Mazenc<\/strong>) :  <\/p>\n\n\n\n<ul class=\"wp-block-list\">\n<li>17h00 : Danses en ligne d\u00e9butants<\/li>\n\n\n\n<li>18h00 : Danses latino en couple d\u00e9butants<\/li>\n\n\n\n<li>19h00 : Danses en ligne confirm\u00e9s<\/li>\n\n\n\n<li>20h00 : Danses latino en couple confirm\u00e9s<\/li>\n\n\n\n<li>21h00 : Danses latino en couple interm\u00e9diaires<\/li>\n\n\n\n<li>Danses latino : cha-cha, bachata, salsa, rumba + rock n&rsquo; roll<\/li>\n<\/ul>\n\n\n\n<p>Tous les <strong><em>jeudis <\/em><\/strong>sauf vacances scolaires (<strong>Sauzet<\/strong>) :  <\/p>\n\n\n\n<ul class=\"wp-block-list\">\n<li>18h00 : Danses de salon en couple d\u00e9butants<\/li>\n\n\n\n<li>19h00 : Danses de salon en couple interm\u00e9diaires<\/li>\n\n\n\n<li>Danses de salon : tango, valse, rumba &#8230; (\u00e0 la demande)<\/li>\n<\/ul>\n<\/div><\/div>\n<\/div>\n\n\n\n<p><\/p>\n\n\n\n<div class=\"wp-block-group\"><div class=\"wp-block-group__inner-container is-layout-constrained wp-block-group-is-layout-constrained\"><\/div><\/div>\n<\/div><\/div>\n\n\n\n<p><\/p>\n<\/div><\/div>\n\n\n\n<p class=\"has-text-align-center has-small-font-size\"><strong>Nota : l&rsquo;organisation des cours pr\u00e9sent\u00e9e ci-dessus est susceptible d&rsquo;\u00eatre modifi\u00e9e lors de la rentr\u00e9e<\/strong><\/p>\n\n\n\n<p><\/p>\n\n\n\n<p><\/p>\n\n\n\n<p><\/p>\n\n\n\n<p class=\"has-text-color has-large-font-size\" style=\"color:#f01e21\"><strong>Adresse des cours<\/strong><\/p>\n\n\n\n<p>Mardi : Salle des f\u00eates de La B\u00e9gude de Mazenc 26160 (Dr\u00f4me)<\/p>\n\n\n\n<p>Jeudi : Salle Le Dauphin 26740 Sauzet<\/p>\n\n\n\n<div class=\"wp-block-buttons is-layout-flex wp-block-buttons-is-layout-flex\"><\/div>\n","protected":false},"excerpt":{"rendered":"<p>Les tarifs Tarifs inchang\u00e9s par rapport \u00e0 l&rsquo;ann\u00e9e pr\u00e9c\u00e9dente, les frais d&rsquo;inscription sont pass\u00e9s \u00e0 15 \u20ac. Les horaires Tous les mardis sauf vacances scolaires, (B\u00e9gude de Mazenc) : Tous les jeudis sauf vacances scolaires (Sauzet) : Nota : l&rsquo;organisation des cours pr\u00e9sent\u00e9e ci-dessus est susceptible d&rsquo;\u00eatre modifi\u00e9e lors de la rentr\u00e9e Adresse des cours<\/p><\/div>\n<div class=\"blog-btn\"><a href=\"https:\/\/lavaldains.fr\/index.php\/tarifs\/\" class=\"home-blog-btn\">Lire la suite<\/a><\/p>\n","protected":false},"author":1,"featured_media":0,"parent":0,"menu_order":0,"comment_status":"closed","ping_status":"closed","template":"","meta":{"_themeisle_gutenberg_block_has_review":false,"footnotes":""},"class_list":["post-63","page","type-page","status-publish","hentry"],"aioseo_notices":[],"_links":{"self":[{"href":"https:\/\/lavaldains.fr\/index.php\/wp-json\/wp\/v2\/pages\/63","targetHints":{"allow":["GET"]}}],"collection":[{"href":"https:\/\/lavaldains.fr\/index.php\/wp-json\/wp\/v2\/pages"}],"about":[{"href":"https:\/\/lavaldains.fr\/index.php\/wp-json\/wp\/v2\/types\/page"}],"author":[{"embeddable":true,"href":"https:\/\/lavaldains.fr\/index.php\/wp-json\/wp\/v2\/users\/1"}],"replies":[{"embeddable":true,"href":"https:\/\/lavaldains.fr\/index.php\/wp-json\/wp\/v2\/comments?post=63"}],"version-history":[{"count":43,"href":"https:\/\/lavaldains.fr\/index.php\/wp-json\/wp\/v2\/pages\/63\/revisions"}],"predecessor-version":[{"id":1299,"href":"https:\/\/lavaldains.fr\/index.php\/wp-json\/wp\/v2\/pages\/63\/revisions\/1299"}],"wp:attachment":[{"href":"https:\/\/lavaldains.fr\/index.php\/wp-json\/wp\/v2\/media?parent=63"}],"curies":[{"name":"wp","href":"https:\/\/api.w.org\/{rel}","templated":true}]}}