{"id":77,"date":"2019-01-25T17:23:31","date_gmt":"2019-01-25T16:23:31","guid":{"rendered":"http:\/\/lavaldains.fr\/?page_id=77"},"modified":"2026-01-25T15:27:02","modified_gmt":"2026-01-25T14:27:02","slug":"agenda","status":"publish","type":"page","link":"https:\/\/lavaldains.fr\/index.php\/agenda\/","title":{"rendered":"Agenda"},"content":{"rendered":"\n<p class=\"has-text-align-center has-background has-large-font-size\" style=\"background-color:#c3d3d9\"><strong>Notre programme pour la saison 2025-2026<\/strong><\/p>\n\n\n\n<p class=\"has-text-align-center has-large-font-size\"><strong><em>Les dates \u00e0 retenir<\/em><\/strong><\/p>\n\n\n\n<div class=\"wp-block-media-text is-stacked-on-mobile\" style=\"grid-template-columns:18% auto\"><figure class=\"wp-block-media-text__media\"><img loading=\"lazy\" decoding=\"async\" width=\"683\" height=\"1024\" src=\"https:\/\/lavaldains.fr\/wp-content\/uploads\/2026\/01\/Affiche-soiree-20260228-683x1024.jpg\" alt=\"\" class=\"wp-image-1326 size-full\" srcset=\"https:\/\/lavaldains.fr\/wp-content\/uploads\/2026\/01\/Affiche-soiree-20260228-683x1024.jpg 683w, https:\/\/lavaldains.fr\/wp-content\/uploads\/2026\/01\/Affiche-soiree-20260228-200x300.jpg 200w, https:\/\/lavaldains.fr\/wp-content\/uploads\/2026\/01\/Affiche-soiree-20260228-768x1152.jpg 768w, https:\/\/lavaldains.fr\/wp-content\/uploads\/2026\/01\/Affiche-soiree-20260228.jpg 1024w\" sizes=\"auto, (max-width: 683px) 100vw, 683px\" \/><\/figure><div class=\"wp-block-media-text__content\">\n<p class=\"has-text-align-center\"><strong>Soir\u00e9e chic and choc anim\u00e9e par DJ Jazzy D le samedi 28 f\u00e9vrier 2026 \u00e0 partir de 20h30<\/strong><\/p>\n\n\n\n<p class=\"has-text-align-center\"><strong>salle des f\u00eates de la B\u00e9gude de Mazenc<\/strong><\/p>\n<\/div><\/div>\n\n\n\n<ul class=\"wp-block-list has-medium-font-size\">\n<li>Assembl\u00e9e G\u00e9n\u00e9rale le <strong><em>23 juin 2026<\/em><\/strong><\/li>\n\n\n\n<li>Repas de fin d&rsquo;ann\u00e9e le <strong><em>27 juin 2026<\/em><\/strong><\/li>\n<\/ul>\n\n\n\n<p><\/p>\n\n\n\n<h2 class=\"wp-block-heading has-text-align-center\"><code><em>\u00c9v\u00e8nements pass\u00e9s<\/em><\/code><\/h2>\n\n\n\n<div class=\"wp-block-media-text alignwide is-stacked-on-mobile\" style=\"grid-template-columns:24% auto\"><figure class=\"wp-block-media-text__media\"><img loading=\"lazy\" decoding=\"async\" width=\"1024\" height=\"981\" src=\"https:\/\/lavaldains.fr\/wp-content\/uploads\/2025\/07\/20250624_194901-1024x981.jpg\" alt=\"\" class=\"wp-image-1250 size-full\" srcset=\"https:\/\/lavaldains.fr\/wp-content\/uploads\/2025\/07\/20250624_194901-1024x981.jpg 1024w, https:\/\/lavaldains.fr\/wp-content\/uploads\/2025\/07\/20250624_194901-300x288.jpg 300w, https:\/\/lavaldains.fr\/wp-content\/uploads\/2025\/07\/20250624_194901-768x736.jpg 768w, https:\/\/lavaldains.fr\/wp-content\/uploads\/2025\/07\/20250624_194901.jpg 1512w\" sizes=\"auto, (max-width: 1024px) 100vw, 1024px\" \/><\/figure><div class=\"wp-block-media-text__content\">\n<p class=\"has-small-font-size\">L&rsquo;Assembl\u00e9e g\u00e9n\u00e9rale de l&rsquo;association, mardi 24 juin 2025,  a donn\u00e9 lieu \u00e0 l&rsquo;\u00e9lection de nouveaux membres du bureau. La mairie \u00e9tait repr\u00e9sent\u00e9e par Isabelle Cointault.<\/p>\n\n\n\n<p class=\"has-small-font-size\">Ci-contre, Annie, pr\u00e9sidente d\u00e9missionnaire et Myl\u00e8ne professeure<\/p>\n<\/div><\/div>\n\n\n\n<div class=\"wp-block-media-text alignwide is-stacked-on-mobile\" style=\"grid-template-columns:24% auto\"><figure class=\"wp-block-media-text__media\"><img loading=\"lazy\" decoding=\"async\" width=\"1024\" height=\"681\" src=\"https:\/\/lavaldains.fr\/wp-content\/uploads\/2024\/06\/DSC_0010-1024x681.jpg\" alt=\"\" class=\"wp-image-1129 size-full\" srcset=\"https:\/\/lavaldains.fr\/wp-content\/uploads\/2024\/06\/DSC_0010-1024x681.jpg 1024w, https:\/\/lavaldains.fr\/wp-content\/uploads\/2024\/06\/DSC_0010-300x199.jpg 300w, https:\/\/lavaldains.fr\/wp-content\/uploads\/2024\/06\/DSC_0010-768x511.jpg 768w, https:\/\/lavaldains.fr\/wp-content\/uploads\/2024\/06\/DSC_0010-1536x1021.jpg 1536w, https:\/\/lavaldains.fr\/wp-content\/uploads\/2024\/06\/DSC_0010-2048x1362.jpg 2048w\" sizes=\"auto, (max-width: 1024px) 100vw, 1024px\" \/><\/figure><div class=\"wp-block-media-text__content\">\n<p class=\"has-small-font-size\">Le 25 juin s&rsquo;est d\u00e9roul\u00e9e l&rsquo;assembl\u00e9e g\u00e9n\u00e9rale de l&rsquo;association en pr\u00e9sence d&rsquo;Eric Bouvier et Isabelle Cointault, repr\u00e9sentants de la mairie.<\/p>\n<\/div><\/div>\n\n\n\n<div class=\"wp-block-media-text alignwide is-stacked-on-mobile\" style=\"grid-template-columns:24% auto\"><figure class=\"wp-block-media-text__media\"><img loading=\"lazy\" decoding=\"async\" width=\"1024\" height=\"606\" src=\"https:\/\/lavaldains.fr\/wp-content\/uploads\/2024\/03\/20240323_202723-1024x606.jpg\" alt=\"\" class=\"wp-image-1097 size-full\" srcset=\"https:\/\/lavaldains.fr\/wp-content\/uploads\/2024\/03\/20240323_202723-1024x606.jpg 1024w, https:\/\/lavaldains.fr\/wp-content\/uploads\/2024\/03\/20240323_202723-300x177.jpg 300w, https:\/\/lavaldains.fr\/wp-content\/uploads\/2024\/03\/20240323_202723-768x454.jpg 768w, https:\/\/lavaldains.fr\/wp-content\/uploads\/2024\/03\/20240323_202723-1536x909.jpg 1536w, https:\/\/lavaldains.fr\/wp-content\/uploads\/2024\/03\/20240323_202723-2048x1211.jpg 2048w\" sizes=\"auto, (max-width: 1024px) 100vw, 1024px\" \/><\/figure><div class=\"wp-block-media-text__content\">\n<p class=\"has-small-font-size\">Soir\u00e9e dansante du 23 mars 2024<\/p>\n<\/div><\/div>\n\n\n\n<div class=\"wp-block-media-text alignwide is-stacked-on-mobile\" style=\"grid-template-columns:24% auto\"><figure class=\"wp-block-media-text__media\"><img loading=\"lazy\" decoding=\"async\" width=\"1024\" height=\"576\" src=\"https:\/\/lavaldains.fr\/wp-content\/uploads\/2023\/08\/20230806_185051-1024x576.jpg\" alt=\"\" class=\"wp-image-1022 size-full\" srcset=\"https:\/\/lavaldains.fr\/wp-content\/uploads\/2023\/08\/20230806_185051-1024x576.jpg 1024w, https:\/\/lavaldains.fr\/wp-content\/uploads\/2023\/08\/20230806_185051-300x169.jpg 300w, https:\/\/lavaldains.fr\/wp-content\/uploads\/2023\/08\/20230806_185051-768x432.jpg 768w, https:\/\/lavaldains.fr\/wp-content\/uploads\/2023\/08\/20230806_185051-1536x864.jpg 1536w, https:\/\/lavaldains.fr\/wp-content\/uploads\/2023\/08\/20230806_185051-2048x1152.jpg 2048w\" sizes=\"auto, (max-width: 1024px) 100vw, 1024px\" \/><\/figure><div class=\"wp-block-media-text__content\">\n<p class=\"has-small-font-size\">Le dimanche 6 ao\u00fbt, l&rsquo;\u00e9quipe de choc de La Valdain&rsquo;s tenait la buvette de la f\u00eate votive de La B\u00e9gude de Mazenc, \u00e9dition 2023.<\/p>\n<\/div><\/div>\n\n\n\n<div class=\"wp-block-media-text alignwide is-stacked-on-mobile\" style=\"grid-template-columns:24% auto\"><figure class=\"wp-block-media-text__media\"><img loading=\"lazy\" decoding=\"async\" width=\"1024\" height=\"768\" src=\"https:\/\/lavaldains.fr\/wp-content\/uploads\/2023\/08\/20230706_153506-1024x768.jpg\" alt=\"\" class=\"wp-image-1021 size-full\" srcset=\"https:\/\/lavaldains.fr\/wp-content\/uploads\/2023\/08\/20230706_153506-1024x768.jpg 1024w, https:\/\/lavaldains.fr\/wp-content\/uploads\/2023\/08\/20230706_153506-300x225.jpg 300w, https:\/\/lavaldains.fr\/wp-content\/uploads\/2023\/08\/20230706_153506-768x576.jpg 768w, https:\/\/lavaldains.fr\/wp-content\/uploads\/2023\/08\/20230706_153506-1536x1152.jpg 1536w, https:\/\/lavaldains.fr\/wp-content\/uploads\/2023\/08\/20230706_153506-2048x1536.jpg 2048w\" sizes=\"auto, (max-width: 1024px) 100vw, 1024px\" \/><\/figure><div class=\"wp-block-media-text__content\">\n<p class=\"has-small-font-size\">Assembl\u00e9e g\u00e9n\u00e9rale de l&rsquo;association le 27 juin 2023<\/p>\n<\/div><\/div>\n\n\n\n<div class=\"wp-block-media-text alignwide is-stacked-on-mobile\" style=\"grid-template-columns:24% auto\"><figure class=\"wp-block-media-text__media\"><img loading=\"lazy\" decoding=\"async\" width=\"541\" height=\"765\" src=\"https:\/\/lavaldains.fr\/wp-content\/uploads\/2023\/02\/Affiche-soiree-04032023-1.png\" alt=\"\" class=\"wp-image-999 size-full\" srcset=\"https:\/\/lavaldains.fr\/wp-content\/uploads\/2023\/02\/Affiche-soiree-04032023-1.png 541w, https:\/\/lavaldains.fr\/wp-content\/uploads\/2023\/02\/Affiche-soiree-04032023-1-212x300.png 212w\" sizes=\"auto, (max-width: 541px) 100vw, 541px\" \/><\/figure><div class=\"wp-block-media-text__content\">\n<p>Samedi 4 mars 2023, pr\u00e8s de 100 personnes ont particip\u00e9 \u00e0 notre super soir\u00e9e dansante anim\u00e9e par <strong>DJ JAZZY D<\/strong><\/p>\n<\/div><\/div>\n\n\n\n<div class=\"wp-block-media-text alignwide is-stacked-on-mobile is-vertically-aligned-center\" style=\"grid-template-columns:23% auto\"><figure class=\"wp-block-media-text__media\"><img loading=\"lazy\" decoding=\"async\" width=\"724\" height=\"1024\" src=\"https:\/\/lavaldains.fr\/wp-content\/uploads\/2023\/02\/affiche-cours-mardi-2022-2023-724x1024.jpg\" alt=\"\" class=\"wp-image-1009 size-full\" srcset=\"https:\/\/lavaldains.fr\/wp-content\/uploads\/2023\/02\/affiche-cours-mardi-2022-2023-724x1024.jpg 724w, https:\/\/lavaldains.fr\/wp-content\/uploads\/2023\/02\/affiche-cours-mardi-2022-2023-212x300.jpg 212w, https:\/\/lavaldains.fr\/wp-content\/uploads\/2023\/02\/affiche-cours-mardi-2022-2023-768x1086.jpg 768w, https:\/\/lavaldains.fr\/wp-content\/uploads\/2023\/02\/affiche-cours-mardi-2022-2023-1086x1536.jpg 1086w, https:\/\/lavaldains.fr\/wp-content\/uploads\/2023\/02\/affiche-cours-mardi-2022-2023.jpg 1240w\" sizes=\"auto, (max-width: 724px) 100vw, 724px\" \/><\/figure><div class=\"wp-block-media-text__content\">\n<p class=\"has-small-font-size\">La rentr\u00e9e 2022<\/p>\n<\/div><\/div>\n\n\n\n<div class=\"wp-block-media-text alignwide is-stacked-on-mobile is-vertically-aligned-center\" style=\"grid-template-columns:23% auto\"><figure class=\"wp-block-media-text__media\"><img loading=\"lazy\" decoding=\"async\" width=\"1024\" height=\"768\" src=\"https:\/\/lavaldains.fr\/wp-content\/uploads\/2022\/03\/20220312_203503-1024x768.jpg\" alt=\"\" class=\"wp-image-921 size-full\" srcset=\"https:\/\/lavaldains.fr\/wp-content\/uploads\/2022\/03\/20220312_203503-1024x768.jpg 1024w, https:\/\/lavaldains.fr\/wp-content\/uploads\/2022\/03\/20220312_203503-300x225.jpg 300w, https:\/\/lavaldains.fr\/wp-content\/uploads\/2022\/03\/20220312_203503-768x576.jpg 768w, https:\/\/lavaldains.fr\/wp-content\/uploads\/2022\/03\/20220312_203503-1536x1152.jpg 1536w, https:\/\/lavaldains.fr\/wp-content\/uploads\/2022\/03\/20220312_203503-2048x1536.jpg 2048w\" sizes=\"auto, (max-width: 1024px) 100vw, 1024px\" \/><\/figure><div class=\"wp-block-media-text__content\">\n<p class=\"has-small-font-size\">Samedi 12 mars 2022, super soir\u00e9e carnaval organis\u00e9e par la Valdain&rsquo;s<\/p>\n<\/div><\/div>\n\n\n\n<div class=\"wp-block-media-text alignwide is-stacked-on-mobile is-vertically-aligned-center\" style=\"grid-template-columns:23% auto\"><figure class=\"wp-block-media-text__media\"><img loading=\"lazy\" decoding=\"async\" width=\"1024\" height=\"681\" src=\"https:\/\/lavaldains.fr\/wp-content\/uploads\/2021\/11\/DSC_0061-1024x681.jpg\" alt=\"\" class=\"wp-image-883 size-full\" srcset=\"https:\/\/lavaldains.fr\/wp-content\/uploads\/2021\/11\/DSC_0061-1024x681.jpg 1024w, https:\/\/lavaldains.fr\/wp-content\/uploads\/2021\/11\/DSC_0061-300x199.jpg 300w, https:\/\/lavaldains.fr\/wp-content\/uploads\/2021\/11\/DSC_0061-768x511.jpg 768w, https:\/\/lavaldains.fr\/wp-content\/uploads\/2021\/11\/DSC_0061-1536x1021.jpg 1536w, https:\/\/lavaldains.fr\/wp-content\/uploads\/2021\/11\/DSC_0061-2048x1362.jpg 2048w\" sizes=\"auto, (max-width: 1024px) 100vw, 1024px\" \/><\/figure><div class=\"wp-block-media-text__content\">\n<p class=\"has-small-font-size\">Samedi 9 octobre 2021, la valdain&rsquo;s a c\u00e9l\u00e9br\u00e9 avec succ\u00e8s le centenaire des ann\u00e9es folles<\/p>\n<\/div><\/div>\n\n\n\n<div class=\"wp-block-media-text alignwide is-stacked-on-mobile\" style=\"grid-template-columns:24% auto\"><figure class=\"wp-block-media-text__media\"><img loading=\"lazy\" decoding=\"async\" width=\"1024\" height=\"632\" src=\"https:\/\/lavaldains.fr\/wp-content\/uploads\/2021\/08\/Article-journal-20210701_110518-1024x632.jpg\" alt=\"\" class=\"wp-image-855 size-full\" srcset=\"https:\/\/lavaldains.fr\/wp-content\/uploads\/2021\/08\/Article-journal-20210701_110518-1024x632.jpg 1024w, https:\/\/lavaldains.fr\/wp-content\/uploads\/2021\/08\/Article-journal-20210701_110518-300x185.jpg 300w, https:\/\/lavaldains.fr\/wp-content\/uploads\/2021\/08\/Article-journal-20210701_110518-768x474.jpg 768w, https:\/\/lavaldains.fr\/wp-content\/uploads\/2021\/08\/Article-journal-20210701_110518-1536x948.jpg 1536w, https:\/\/lavaldains.fr\/wp-content\/uploads\/2021\/08\/Article-journal-20210701_110518-2048x1264.jpg 2048w\" sizes=\"auto, (max-width: 1024px) 100vw, 1024px\" \/><\/figure><div class=\"wp-block-media-text__content\">\n<p class=\"has-small-font-size\">Assembl\u00e9e g\u00e9n\u00e9rale de l&rsquo;association le 22 juin 2021<\/p>\n<\/div><\/div>\n\n\n\n<div class=\"wp-block-media-text alignwide is-stacked-on-mobile\" style=\"grid-template-columns:24% auto\"><figure class=\"wp-block-media-text__media\"><img loading=\"lazy\" decoding=\"async\" width=\"1024\" height=\"578\" src=\"https:\/\/lavaldains.fr\/wp-content\/uploads\/2020\/07\/DSC_1018-1024x578.jpg\" alt=\"\" class=\"wp-image-761 size-full\" srcset=\"https:\/\/lavaldains.fr\/wp-content\/uploads\/2020\/07\/DSC_1018-1024x578.jpg 1024w, https:\/\/lavaldains.fr\/wp-content\/uploads\/2020\/07\/DSC_1018-300x169.jpg 300w, https:\/\/lavaldains.fr\/wp-content\/uploads\/2020\/07\/DSC_1018-768x433.jpg 768w, https:\/\/lavaldains.fr\/wp-content\/uploads\/2020\/07\/DSC_1018-1536x867.jpg 1536w, https:\/\/lavaldains.fr\/wp-content\/uploads\/2020\/07\/DSC_1018-2048x1155.jpg 2048w\" sizes=\"auto, (max-width: 1024px) 100vw, 1024px\" \/><\/figure><div class=\"wp-block-media-text__content\">\n<p class=\"has-small-font-size\">Assembl\u00e9e g\u00e9n\u00e9rale de l&rsquo;association le 23 juin 2020<\/p>\n<\/div><\/div>\n\n\n\n<div class=\"wp-block-media-text alignwide is-stacked-on-mobile is-vertically-aligned-center\" style=\"grid-template-columns:23% auto\"><figure class=\"wp-block-media-text__media\"><img loading=\"lazy\" decoding=\"async\" width=\"1024\" height=\"768\" src=\"https:\/\/lavaldains.fr\/wp-content\/uploads\/2020\/02\/received_2498318113735152-1024x768.jpeg\" alt=\"\" class=\"wp-image-703 size-full\" srcset=\"https:\/\/lavaldains.fr\/wp-content\/uploads\/2020\/02\/received_2498318113735152-1024x768.jpeg 1024w, https:\/\/lavaldains.fr\/wp-content\/uploads\/2020\/02\/received_2498318113735152-300x225.jpeg 300w, https:\/\/lavaldains.fr\/wp-content\/uploads\/2020\/02\/received_2498318113735152-768x576.jpeg 768w\" sizes=\"auto, (max-width: 1024px) 100vw, 1024px\" \/><\/figure><div class=\"wp-block-media-text__content\">\n<p class=\"has-small-font-size\">Gros succ\u00e8s de l&rsquo;initiation bachata men\u00e9e par Myl\u00e8ne et Philippe lors de notre soir\u00e9e du 12 octobre 2019  <\/p>\n<\/div><\/div>\n\n\n\n<div class=\"wp-block-media-text alignwide is-stacked-on-mobile\" style=\"grid-template-columns:23% auto\"><figure class=\"wp-block-media-text__media\"><img loading=\"lazy\" decoding=\"async\" width=\"800\" height=\"600\" src=\"https:\/\/lavaldains.fr\/wp-content\/uploads\/2019\/04\/guinguette-clovis-vue-piste.jpg\" alt=\"\" class=\"wp-image-438 size-full\" srcset=\"https:\/\/lavaldains.fr\/wp-content\/uploads\/2019\/04\/guinguette-clovis-vue-piste.jpg 800w, https:\/\/lavaldains.fr\/wp-content\/uploads\/2019\/04\/guinguette-clovis-vue-piste-300x225.jpg 300w, https:\/\/lavaldains.fr\/wp-content\/uploads\/2019\/04\/guinguette-clovis-vue-piste-768x576.jpg 768w\" sizes=\"auto, (max-width: 800px) 100vw, 800px\" \/><\/figure><div class=\"wp-block-media-text__content\">\n<p class=\"has-small-font-size\">Sortie annuelle chez Clovis le 22 juin 2019  <\/p>\n<\/div><\/div>\n\n\n\n<div class=\"wp-block-media-text alignwide is-stacked-on-mobile\" style=\"grid-template-columns:23% auto\"><figure class=\"wp-block-media-text__media\"><img loading=\"lazy\" decoding=\"async\" width=\"1024\" height=\"681\" src=\"https:\/\/lavaldains.fr\/wp-content\/uploads\/2019\/07\/DSC_0386-1024x681.jpg\" alt=\"\" class=\"wp-image-587 size-full\" srcset=\"https:\/\/lavaldains.fr\/wp-content\/uploads\/2019\/07\/DSC_0386-1024x681.jpg 1024w, https:\/\/lavaldains.fr\/wp-content\/uploads\/2019\/07\/DSC_0386-300x199.jpg 300w, https:\/\/lavaldains.fr\/wp-content\/uploads\/2019\/07\/DSC_0386-768x511.jpg 768w\" sizes=\"auto, (max-width: 1024px) 100vw, 1024px\" \/><\/figure><div class=\"wp-block-media-text__content\">\n<p class=\"has-small-font-size\">Mardi 18 juin 2019 <br>\u00c9lection du nouveau bureau<br>Soir\u00e9e adh\u00e9rents, danses et pr\u00e9parations gastronomiques de nos adh\u00e9rents. <\/p>\n<\/div><\/div>\n","protected":false},"excerpt":{"rendered":"<p>Notre programme pour la saison 2025-2026 Les dates \u00e0 retenir Soir\u00e9e chic and choc anim\u00e9e par DJ Jazzy D le samedi 28 f\u00e9vrier 2026 \u00e0 partir de 20h30 salle des f\u00eates de la B\u00e9gude de Mazenc \u00c9v\u00e8nements pass\u00e9s L&rsquo;Assembl\u00e9e g\u00e9n\u00e9rale de l&rsquo;association, mardi 24 juin 2025, a donn\u00e9 lieu \u00e0 l&rsquo;\u00e9lection de nouveaux membres du<\/p><\/div>\n<div class=\"blog-btn\"><a href=\"https:\/\/lavaldains.fr\/index.php\/agenda\/\" class=\"home-blog-btn\">Lire la suite<\/a><\/p>\n","protected":false},"author":1,"featured_media":0,"parent":0,"menu_order":0,"comment_status":"closed","ping_status":"closed","template":"","meta":{"_themeisle_gutenberg_block_has_review":false,"footnotes":""},"class_list":["post-77","page","type-page","status-publish","hentry"],"aioseo_notices":[],"_links":{"self":[{"href":"https:\/\/lavaldains.fr\/index.php\/wp-json\/wp\/v2\/pages\/77","targetHints":{"allow":["GET"]}}],"collection":[{"href":"https:\/\/lavaldains.fr\/index.php\/wp-json\/wp\/v2\/pages"}],"about":[{"href":"https:\/\/lavaldains.fr\/index.php\/wp-json\/wp\/v2\/types\/page"}],"author":[{"embeddable":true,"href":"https:\/\/lavaldains.fr\/index.php\/wp-json\/wp\/v2\/users\/1"}],"replies":[{"embeddable":true,"href":"https:\/\/lavaldains.fr\/index.php\/wp-json\/wp\/v2\/comments?post=77"}],"version-history":[{"count":131,"href":"https:\/\/lavaldains.fr\/index.php\/wp-json\/wp\/v2\/pages\/77\/revisions"}],"predecessor-version":[{"id":1334,"href":"https:\/\/lavaldains.fr\/index.php\/wp-json\/wp\/v2\/pages\/77\/revisions\/1334"}],"wp:attachment":[{"href":"https:\/\/lavaldains.fr\/index.php\/wp-json\/wp\/v2\/media?parent=77"}],"curies":[{"name":"wp","href":"https:\/\/api.w.org\/{rel}","templated":true}]}}